{"id":266650,"date":"2021-07-16T09:48:05","date_gmt":"2021-07-16T09:48:05","guid":{"rendered":"https:\/\/www.villars.com\/lieferung\/"},"modified":"2022-05-28T16:54:30","modified_gmt":"2022-05-28T16:54:30","slug":"lieferung","status":"publish","type":"page","link":"https:\/\/www.villars.com\/de\/lieferung\/","title":{"rendered":"Lieferung"},"content":{"rendered":"<p>[et_pb_section fb_built=&#8221;1&#8243; _builder_version=&#8221;4.9.7&#8243; _module_preset=&#8221;default&#8221; custom_padding=&#8221;0px||0px|||&#8221; collapsed=&#8221;on&#8221;][et_pb_row use_custom_gutter=&#8221;on&#8221; gutter_width=&#8221;1&#8243; _builder_version=&#8221;4.9.7&#8243; _module_preset=&#8221;default&#8221; background_image=&#8221;https:\/\/www.villars.com\/wp-content\/uploads\/2021\/06\/Ligne.png&#8221; background_size=&#8221;initial&#8221; background_repeat=&#8221;repeat-x&#8221; width_tablet=&#8221;&#8221; width_phone=&#8221;100%&#8221; width_last_edited=&#8221;on|phone&#8221;][et_pb_column type=&#8221;4_4&#8243; _builder_version=&#8221;4.9.7&#8243; _module_preset=&#8221;default&#8221;][et_pb_text admin_label=&#8221;Titre&#8221; _builder_version=&#8221;4.9.7&#8243; _dynamic_attributes=&#8221;content&#8221; _module_preset=&#8221;e6c1eaa8-524a-44f2-b25c-ffc67a3e1a36&#8243; header_text_align=&#8221;center&#8221; header_font_size=&#8221;50px&#8221; background_color=&#8221;#FFFFFF&#8221; background_enable_image=&#8221;off&#8221; background_size=&#8221;initial&#8221; background_repeat=&#8221;repeat-x&#8221; width=&#8221;600px&#8221; width_tablet=&#8221;400px&#8221; width_phone=&#8221;200px&#8221; width_last_edited=&#8221;on|desktop&#8221; max_width=&#8221;100%&#8221; module_alignment=&#8221;center&#8221; custom_margin=&#8221;0px||-18px||false|false&#8221; header_font_size_tablet=&#8221;40px&#8221; header_font_size_phone=&#8221;32px&#8221; header_font_size_last_edited=&#8221;on|phone&#8221; header_line_height_tablet=&#8221;&#8221; header_line_height_phone=&#8221;30px&#8221; header_line_height_last_edited=&#8221;on|phone&#8221;]@ET-DC@eyJkeW5hbWljIjp0cnVlLCJjb250ZW50IjoicG9zdF90aXRsZSIsInNldHRpbmdzIjp7ImJlZm9yZSI6IjxoMT4iLCJhZnRlciI6IjwvaDE+In19@[\/et_pb_text][\/et_pb_column][\/et_pb_row][et_pb_row column_structure=&#8221;2_3,1_3&#8243; _builder_version=&#8221;4.9.7&#8243; _module_preset=&#8221;default&#8221;][et_pb_column type=&#8221;2_3&#8243; _builder_version=&#8221;4.9.7&#8243; _module_preset=&#8221;default&#8221;][et_pb_text _builder_version=&#8221;4.9.7&#8243; _module_preset=&#8221;default&#8221; header_2_text_color=&#8221;#c0852d&#8221; header_3_text_color=&#8221;gcid-f01d8f96-5c9f-4ef9-b282-d7e797d7021e&#8221; custom_margin=&#8221;30px||40px||false|false&#8221; global_colors_info=&#8221;{%22gcid-f01d8f96-5c9f-4ef9-b282-d7e797d7021e%22:%91%22header_3_text_color%22,%22header_3_text_color%22%93}&#8221;]<\/p>\n<h2>Versandart<\/h2>\n<p>Alle unsere Sendungen werden ausschliesslich durch die Schweizerische Post geliefert.<\/p>\n<h2>Liefergebiete<\/h2>\n<p>Lieferungen sind nur innerhalb der Schweiz und Liechtenstein m\u00f6glich.<\/p>\n<h2>Lieferzeiten<\/h2>\n<p>Alle vor Mittag aufgegebene Bestellungen werden noch am selben Tag versandt. Eine per A-Post aufgegebene Bestellung kommt am n\u00e4chsten Werktag an, eine per B-Post aufgegebene Bestellung wird innerhalb von 2-3 Tagen geliefert.<\/p>\n<p>Wir bieten Ihnen die M\u00f6glichkeit an, Ihre Bestellungen gegen einen Aufpreis von CHF 6.- auch samstags liefern zu lassen.<\/p>\n<h2>Versandkosten<\/h2>\n<p>Ab Einkauf \u00fcber CHF 50.- wird Ihnen die Lieferung per A-Post offeriert.<\/p>\n<p>Die Lieferkosten h\u00e4ngen nicht vom Gewicht der Bestellung ab. Die Tarife sind wie folgt:<\/p>\n<ul>\n<li>A-Post = CHF 8.20<\/li>\n<\/ul>\n<h2>Antrag auf R\u00fcckgabe<\/h2>\n<p>Alle R\u00fcckgabeanfragen m\u00fcssen zuvor \u00fcber das R\u00fccksendeformular mit dem Kundendienst von Villars Ma\u00eetre Chocolatier gehen.<\/p>\n<p>[\/et_pb_text][\/et_pb_column][et_pb_column type=&#8221;1_3&#8243; _builder_version=&#8221;4.9.7&#8243; _module_preset=&#8221;default&#8221; background_color=&#8221;gcid-dadae498-489d-4913-adb6-09b6e16557ab&#8221; custom_padding=&#8221;|40px|40px|40px|false|true&#8221; custom_padding_tablet=&#8221;&#8221; custom_padding_phone=&#8221;|15px||15px|false|true&#8221; custom_padding_last_edited=&#8221;on|phone&#8221; global_colors_info=&#8221;{%22gcid-dadae498-489d-4913-adb6-09b6e16557ab%22:%91%22background_color%22%93}&#8221;][et_pb_text admin_label=&#8221;Titre&#8221; _builder_version=&#8221;4.9.7&#8243; _module_preset=&#8221;e6c1eaa8-524a-44f2-b25c-ffc67a3e1a36&#8243; width=&#8221;100%&#8221; hover_enabled=&#8221;0&#8243; header_2_font_size_tablet=&#8221;&#8221; header_2_font_size_phone=&#8221;30px&#8221; header_2_font_size_last_edited=&#8221;on|phone&#8221; header_2_line_height_tablet=&#8221;&#8221; header_2_line_height_phone=&#8221;30px&#8221; header_2_line_height_last_edited=&#8221;on|phone&#8221; header_2_font_size=&#8221;30px&#8221; header_2_line_height=&#8221;30px&#8221; sticky_enabled=&#8221;0&#8243;]<\/p>\n<h2>Besuchen Sie unseren Online Shop<\/h2>\n<p>[\/et_pb_text][et_pb_button button_url=&#8221;https:\/\/shop.villars.com\/de\/&#8221; button_text=&#8221;Unser Online Shop&#8221; _builder_version=&#8221;4.9.7&#8243; _module_preset=&#8221;9d3e0934-37f1-4eb2-92f6-8c4b4ce62087&#8243;][\/et_pb_button][\/et_pb_column][\/et_pb_row][\/et_pb_section]<\/p>\n","protected":false},"excerpt":{"rendered":"<p>Versandart Alle unsere Sendungen werden ausschliesslich durch die Schweizerische Post geliefert. Liefergebiete Lieferungen sind nur innerhalb der Schweiz und Liechtenstein m\u00f6glich. Lieferzeiten Alle vor Mittag aufgegebene Bestellungen werden noch am selben Tag versandt. Eine per A-Post aufgegebene Bestellung kommt am n\u00e4chsten Werktag an, eine per B-Post aufgegebene Bestellung wird innerhalb von 2-3 Tagen geliefert. Wir [&hellip;]<\/p>\n","protected":false},"author":1,"featured_media":0,"parent":0,"menu_order":0,"comment_status":"closed","ping_status":"closed","template":"","meta":{"_et_pb_use_builder":"on","_et_pb_old_content":"","_et_gb_content_width":"","footnotes":""},"class_list":["post-266650","page","type-page","status-publish","hentry"],"yoast_head":"<!-- This site is optimized with the Yoast SEO plugin v27.4 - https:\/\/yoast.com\/product\/yoast-seo-wordpress\/ -->\n<title>Schokoladenlieferung nach Hause, Ostern, Weihnachten, Geburtstage | Villars<\/title>\n<meta name=\"description\" content=\"Schokoladenlieferung nach Hause, geniessen Sie reine Schweizer Schokoladen, hergestellt von unseren Ma\u00eetre Chocolatiers. Zum Geniessen zu Hause oder als Geschenk.\" \/>\n<meta name=\"robots\" content=\"noindex, follow\" \/>\n<meta property=\"og:locale\" content=\"de_DE\" \/>\n<meta property=\"og:type\" content=\"article\" \/>\n<meta property=\"og:title\" content=\"Schokoladenlieferung nach Hause, Ostern, Weihnachten, Geburtstage | Villars\" \/>\n<meta property=\"og:description\" content=\"Schokoladenlieferung nach Hause, geniessen Sie reine Schweizer Schokoladen, hergestellt von unseren Ma\u00eetre Chocolatiers. Zum Geniessen zu Hause oder als Geschenk.\" \/>\n<meta property=\"og:url\" content=\"https:\/\/www.villars.com\/de\/lieferung\/\" \/>\n<meta property=\"og:site_name\" content=\"Villars Swiss\" \/>\n<meta property=\"article:modified_time\" content=\"2022-05-28T16:54:30+00:00\" \/>\n<meta property=\"og:image\" content=\"https:\/\/www.villars.com\/wp-content\/uploads\/2022\/05\/lieferung\" \/>\n\t<meta property=\"og:image:width\" content=\"1\" \/>\n\t<meta property=\"og:image:height\" content=\"1\" \/>\n\t<meta property=\"og:image:type\" content=\"image\/jpeg\" \/>\n<meta name=\"twitter:card\" content=\"summary_large_image\" \/>\n<meta name=\"twitter:label1\" content=\"Gesch\u00e4tzte Lesezeit\" \/>\n\t<meta name=\"twitter:data1\" content=\"3\u00a0Minuten\" \/>\n<!-- \/ Yoast SEO plugin. -->","yoast_head_json":{"title":"Schokoladenlieferung nach Hause, Ostern, Weihnachten, Geburtstage | Villars","description":"Schokoladenlieferung nach Hause, geniessen Sie reine Schweizer Schokoladen, hergestellt von unseren Ma\u00eetre Chocolatiers. Zum Geniessen zu Hause oder als Geschenk.","robots":{"index":"noindex","follow":"follow"},"og_locale":"de_DE","og_type":"article","og_title":"Schokoladenlieferung nach Hause, Ostern, Weihnachten, Geburtstage | Villars","og_description":"Schokoladenlieferung nach Hause, geniessen Sie reine Schweizer Schokoladen, hergestellt von unseren Ma\u00eetre Chocolatiers. Zum Geniessen zu Hause oder als Geschenk.","og_url":"https:\/\/www.villars.com\/de\/lieferung\/","og_site_name":"Villars Swiss","article_modified_time":"2022-05-28T16:54:30+00:00","og_image":[{"url":"https:\/\/www.villars.com\/wp-content\/uploads\/2022\/05\/lieferung","width":1,"height":1,"type":"image\/jpeg"}],"twitter_card":"summary_large_image","twitter_misc":{"Gesch\u00e4tzte Lesezeit":"3\u00a0Minuten"},"schema":{"@context":"https:\/\/schema.org","@graph":[{"@type":"WebPage","@id":"https:\/\/www.villars.com\/de\/lieferung\/","url":"https:\/\/www.villars.com\/de\/lieferung\/","name":"Schokoladenlieferung nach Hause, Ostern, Weihnachten, Geburtstage | Villars","isPartOf":{"@id":"https:\/\/www.villars.com\/de\/#website"},"datePublished":"2021-07-16T09:48:05+00:00","dateModified":"2022-05-28T16:54:30+00:00","description":"Schokoladenlieferung nach Hause, geniessen Sie reine Schweizer Schokoladen, hergestellt von unseren Ma\u00eetre Chocolatiers. Zum Geniessen zu Hause oder als Geschenk.","breadcrumb":{"@id":"https:\/\/www.villars.com\/de\/lieferung\/#breadcrumb"},"inLanguage":"de","potentialAction":[{"@type":"ReadAction","target":["https:\/\/www.villars.com\/de\/lieferung\/"]}]},{"@type":"BreadcrumbList","@id":"https:\/\/www.villars.com\/de\/lieferung\/#breadcrumb","itemListElement":[{"@type":"ListItem","position":1,"name":"Accueil","item":"https:\/\/www.villars.com\/de\/"},{"@type":"ListItem","position":2,"name":"Lieferung"}]},{"@type":"WebSite","@id":"https:\/\/www.villars.com\/de\/#website","url":"https:\/\/www.villars.com\/de\/","name":"Villars Swiss","description":"Ma\u00eetre Chocolatier depuis 1901","potentialAction":[{"@type":"SearchAction","target":{"@type":"EntryPoint","urlTemplate":"https:\/\/www.villars.com\/de\/?s={search_term_string}"},"query-input":{"@type":"PropertyValueSpecification","valueRequired":true,"valueName":"search_term_string"}}],"inLanguage":"de"}]}},"_links":{"self":[{"href":"https:\/\/www.villars.com\/de\/wp-json\/wp\/v2\/pages\/266650","targetHints":{"allow":["GET"]}}],"collection":[{"href":"https:\/\/www.villars.com\/de\/wp-json\/wp\/v2\/pages"}],"about":[{"href":"https:\/\/www.villars.com\/de\/wp-json\/wp\/v2\/types\/page"}],"author":[{"embeddable":true,"href":"https:\/\/www.villars.com\/de\/wp-json\/wp\/v2\/users\/1"}],"replies":[{"embeddable":true,"href":"https:\/\/www.villars.com\/de\/wp-json\/wp\/v2\/comments?post=266650"}],"version-history":[{"count":7,"href":"https:\/\/www.villars.com\/de\/wp-json\/wp\/v2\/pages\/266650\/revisions"}],"predecessor-version":[{"id":294080,"href":"https:\/\/www.villars.com\/de\/wp-json\/wp\/v2\/pages\/266650\/revisions\/294080"}],"wp:attachment":[{"href":"https:\/\/www.villars.com\/de\/wp-json\/wp\/v2\/media?parent=266650"}],"curies":[{"name":"wp","href":"https:\/\/api.w.org\/{rel}","templated":true}]}}