{"id":300097,"date":"2024-06-03T11:00:48","date_gmt":"2024-06-03T11:00:48","guid":{"rendered":"https:\/\/www.villars.com\/nutzungsbedingungen\/"},"modified":"2024-06-03T11:12:04","modified_gmt":"2024-06-03T11:12:04","slug":"nutzungsbedingungen","status":"publish","type":"page","link":"https:\/\/www.villars.com\/de\/nutzungsbedingungen\/","title":{"rendered":"Nutzungsbedingungen"},"content":{"rendered":"<p>[et_pb_section fb_built=&#8221;1&#8243; theme_builder_area=&#8221;post_content&#8221; _builder_version=&#8221;4.24.3&#8243; _module_preset=&#8221;default&#8221; custom_padding=&#8221;0px|||||&#8221;][et_pb_row _builder_version=&#8221;4.24.3&#8243; _module_preset=&#8221;default&#8221; theme_builder_area=&#8221;post_content&#8221;][et_pb_column _builder_version=&#8221;4.24.3&#8243; _module_preset=&#8221;default&#8221; type=&#8221;4_4&#8243; theme_builder_area=&#8221;post_content&#8221;][et_pb_text _builder_version=&#8221;4.24.3&#8243; _module_preset=&#8221;default&#8221; theme_builder_area=&#8221;post_content&#8221; hover_enabled=&#8221;0&#8243; sticky_enabled=&#8221;0&#8243; header_font_size=&#8221;70px&#8221;]<\/p>\n<h1>Nutzungsbedingungen<\/h1>\n<h2>Allgemeine Bedingungen f\u00fcr die Nutzung der Website &#8211; Datenschutzrichtlinie (Stand M\u00e4rz 2020)<\/h2>\n<h2>Pr\u00e4ambel<\/h2>\n<p>Die Privatsph\u00e4re ist uns wichtig und wir ergreifen geeignete technische und organisatorische Ma\u00dfnahmen, um die ordnungsgem\u00e4\u00dfe Verarbeitung Ihrer personenbezogenen Daten in \u00dcbereinstimmung mit der anwendbaren Datenschutzgesetzgebung (Bundesgesetz \u00fcber den Datenschutz (nachfolgend DSG SR 235.1), ggf. Datenschutz-Grundverordnung der Europ\u00e4ischen Union (nachfolgend DSGVO)) zu gew\u00e4hrleisten. Dieses Dokument informiert Sie \u00fcber die Verarbeitung auf dieser Website und \u00fcber Ihre Rechte.<\/p>\n<h2>Sammlung und Aufbewahrung<\/h2>\n<p>Wir erfassen und speichern Ihre personenbezogenen Daten in einem angemessenen Umfang, d.h. in dem Umfang, der erforderlich ist, um unsere vertraglichen Verpflichtungen zu erf\u00fcllen und Dienstleistungen von hoher Qualit\u00e4t zu erbringen, d.h. f\u00fcr die Verwaltung der Kundenbeziehung, die Bearbeitung von Bestellungen und deren Nachverfolgung, die Rechnungsstellung und deren Nachverfolgung. Um unsere Produkte zu bestellen, k\u00f6nnen Sie wahlweise ein Konto einrichten oder nicht.<\/p>\n<h2>Kontaktformulare<\/h2>\n<p>Wenn Sie uns \u00fcber das Formular f\u00fcr eine allgemeine Frage kontaktieren, m\u00fcssen Sie Ihre Anrede, Ihren Vor- und Nachnamen und Ihre E-Mail-Adresse angeben. Bei einer Bestellung ist auch ein Formular verf\u00fcgbar. Diese Formulare werden auf einem sicheren Server gespeichert, um die Anfrage zu bearbeiten und zu verfolgen. Ihre pers\u00f6nlichen Daten werden nicht an Dritte weitergegeben, es sei denn, es handelt sich um Dienstleister, die f\u00fcr die Bearbeitung der Anfrage erforderlich sind (der Spediteur f\u00fcr die Bestellungen, die Bank f\u00fcr die Zahlungen).<\/p>\n<h2>Cookies und statistisches Werkzeug<\/h2>\n<p>Wir verwenden zwei Arten von Cookies, von denen die einen f\u00fcr den Zugriff auf die Informationen auf der Website erforderlich sind, w\u00e4hrend die anderen uns erm\u00f6glichen, Ihnen eine bessere Navigation zu bieten und unsere Seiten zu verbessern. Sie k\u00f6nnen diese hier einstellen.<\/p>\n<h2>Recht auf Zugang<\/h2>\n<p>Gem\u00e4\u00df DSG haben Sie ein Recht auf Auskunft \u00fcber Ihre Daten (einschlie\u00dflich Berichtigung und L\u00f6schung von Daten). Um dieses Recht geltend zu machen, k\u00f6nnen Sie den Verantwortlichen entweder \u00fcber das Online-Formular oder per Post kontaktieren: Villars Ma\u00eetre Chocolatier &#8211; Rte de la Fonderie 18 &#8211; 1700 Freiburg &#8211; Schweiz Kunden mit Wohnsitz in der EU haben dieselben Rechte sowie das Recht auf \u00dcbertragbarkeit gem\u00e4\u00df der DSGVO, die auf die Verarbeitung ihrer personenbezogenen Daten anwendbar ist, die sie beim oben genannten Verantwortlichen geltend machen k\u00f6nnen.<\/p>\n<p>[\/et_pb_text][\/et_pb_column][\/et_pb_row][\/et_pb_section]<\/p>\n","protected":false},"excerpt":{"rendered":"<p>Nutzungsbedingungen Allgemeine Bedingungen f\u00fcr die Nutzung der Website &#8211; Datenschutzrichtlinie (Stand M\u00e4rz 2020) Pr\u00e4ambel Die Privatsph\u00e4re ist uns wichtig und wir ergreifen geeignete technische und organisatorische Ma\u00dfnahmen, um die ordnungsgem\u00e4\u00dfe Verarbeitung Ihrer personenbezogenen Daten in \u00dcbereinstimmung mit der anwendbaren Datenschutzgesetzgebung (Bundesgesetz \u00fcber den Datenschutz (nachfolgend DSG SR 235.1), ggf. Datenschutz-Grundverordnung der Europ\u00e4ischen Union (nachfolgend DSGVO)) [&hellip;]<\/p>\n","protected":false},"author":1,"featured_media":0,"parent":0,"menu_order":0,"comment_status":"closed","ping_status":"closed","template":"","meta":{"_et_pb_use_builder":"on","_et_pb_old_content":"","_et_gb_content_width":"","footnotes":""},"class_list":["post-300097","page","type-page","status-publish","hentry"],"yoast_head":"<!-- This site is optimized with the Yoast SEO plugin v27.1.1 - https:\/\/yoast.com\/product\/yoast-seo-wordpress\/ -->\n<title>Nutzungsbedingungen - Villars Swiss<\/title>\n<meta name=\"robots\" content=\"noindex, follow\" \/>\n<meta property=\"og:locale\" content=\"de_DE\" \/>\n<meta property=\"og:type\" content=\"article\" \/>\n<meta property=\"og:title\" content=\"Nutzungsbedingungen - Villars Swiss\" \/>\n<meta property=\"og:description\" content=\"Nutzungsbedingungen Allgemeine Bedingungen f\u00fcr die Nutzung der Website - Datenschutzrichtlinie (Stand M\u00e4rz 2020) Pr\u00e4ambel Die Privatsph\u00e4re ist uns wichtig und wir ergreifen geeignete technische und organisatorische Ma\u00dfnahmen, um die ordnungsgem\u00e4\u00dfe Verarbeitung Ihrer personenbezogenen Daten in \u00dcbereinstimmung mit der anwendbaren Datenschutzgesetzgebung (Bundesgesetz \u00fcber den Datenschutz (nachfolgend DSG SR 235.1), ggf. Datenschutz-Grundverordnung der Europ\u00e4ischen Union (nachfolgend DSGVO)) [&hellip;]\" \/>\n<meta property=\"og:url\" content=\"https:\/\/www.villars.com\/de\/nutzungsbedingungen\/\" \/>\n<meta property=\"og:site_name\" content=\"Villars Swiss\" \/>\n<meta property=\"article:modified_time\" content=\"2024-06-03T11:12:04+00:00\" \/>\n<meta name=\"twitter:card\" content=\"summary_large_image\" \/>\n<meta name=\"twitter:label1\" content=\"Gesch\u00e4tzte Lesezeit\" \/>\n\t<meta name=\"twitter:data1\" content=\"2\u00a0Minuten\" \/>\n<!-- \/ Yoast SEO plugin. -->","yoast_head_json":{"title":"Nutzungsbedingungen - Villars Swiss","robots":{"index":"noindex","follow":"follow"},"og_locale":"de_DE","og_type":"article","og_title":"Nutzungsbedingungen - Villars Swiss","og_description":"Nutzungsbedingungen Allgemeine Bedingungen f\u00fcr die Nutzung der Website - Datenschutzrichtlinie (Stand M\u00e4rz 2020) Pr\u00e4ambel Die Privatsph\u00e4re ist uns wichtig und wir ergreifen geeignete technische und organisatorische Ma\u00dfnahmen, um die ordnungsgem\u00e4\u00dfe Verarbeitung Ihrer personenbezogenen Daten in \u00dcbereinstimmung mit der anwendbaren Datenschutzgesetzgebung (Bundesgesetz \u00fcber den Datenschutz (nachfolgend DSG SR 235.1), ggf. Datenschutz-Grundverordnung der Europ\u00e4ischen Union (nachfolgend DSGVO)) [&hellip;]","og_url":"https:\/\/www.villars.com\/de\/nutzungsbedingungen\/","og_site_name":"Villars Swiss","article_modified_time":"2024-06-03T11:12:04+00:00","twitter_card":"summary_large_image","twitter_misc":{"Gesch\u00e4tzte Lesezeit":"2\u00a0Minuten"},"schema":{"@context":"https:\/\/schema.org","@graph":[{"@type":"WebPage","@id":"https:\/\/www.villars.com\/de\/nutzungsbedingungen\/","url":"https:\/\/www.villars.com\/de\/nutzungsbedingungen\/","name":"Nutzungsbedingungen - Villars Swiss","isPartOf":{"@id":"https:\/\/www.villars.com\/de\/#website"},"datePublished":"2024-06-03T11:00:48+00:00","dateModified":"2024-06-03T11:12:04+00:00","breadcrumb":{"@id":"https:\/\/www.villars.com\/de\/nutzungsbedingungen\/#breadcrumb"},"inLanguage":"de","potentialAction":[{"@type":"ReadAction","target":["https:\/\/www.villars.com\/de\/nutzungsbedingungen\/"]}]},{"@type":"BreadcrumbList","@id":"https:\/\/www.villars.com\/de\/nutzungsbedingungen\/#breadcrumb","itemListElement":[{"@type":"ListItem","position":1,"name":"Accueil","item":"https:\/\/www.villars.com\/de\/"},{"@type":"ListItem","position":2,"name":"Nutzungsbedingungen"}]},{"@type":"WebSite","@id":"https:\/\/www.villars.com\/de\/#website","url":"https:\/\/www.villars.com\/de\/","name":"Villars Swiss","description":"Ma\u00eetre Chocolatier depuis 1901","potentialAction":[{"@type":"SearchAction","target":{"@type":"EntryPoint","urlTemplate":"https:\/\/www.villars.com\/de\/?s={search_term_string}"},"query-input":{"@type":"PropertyValueSpecification","valueRequired":true,"valueName":"search_term_string"}}],"inLanguage":"de"}]}},"_links":{"self":[{"href":"https:\/\/www.villars.com\/de\/wp-json\/wp\/v2\/pages\/300097","targetHints":{"allow":["GET"]}}],"collection":[{"href":"https:\/\/www.villars.com\/de\/wp-json\/wp\/v2\/pages"}],"about":[{"href":"https:\/\/www.villars.com\/de\/wp-json\/wp\/v2\/types\/page"}],"author":[{"embeddable":true,"href":"https:\/\/www.villars.com\/de\/wp-json\/wp\/v2\/users\/1"}],"replies":[{"embeddable":true,"href":"https:\/\/www.villars.com\/de\/wp-json\/wp\/v2\/comments?post=300097"}],"version-history":[{"count":15,"href":"https:\/\/www.villars.com\/de\/wp-json\/wp\/v2\/pages\/300097\/revisions"}],"predecessor-version":[{"id":300132,"href":"https:\/\/www.villars.com\/de\/wp-json\/wp\/v2\/pages\/300097\/revisions\/300132"}],"wp:attachment":[{"href":"https:\/\/www.villars.com\/de\/wp-json\/wp\/v2\/media?parent=300097"}],"curies":[{"name":"wp","href":"https:\/\/api.w.org\/{rel}","templated":true}]}}