{"id":302677,"date":"2025-11-18T10:25:41","date_gmt":"2025-11-18T10:25:41","guid":{"rendered":"https:\/\/villars.preprod.cloud0.savencia.net\/?page_id=302677"},"modified":"2025-12-22T11:23:31","modified_gmt":"2025-12-22T11:23:31","slug":"boite-chocolats-a-lancienne-loriginale","status":"publish","type":"page","link":"https:\/\/www.villars.com\/de\/chocolats-personnalises\/boites-en-metal\/boite-chocolats-a-lancienne-loriginale\/","title":{"rendered":"Bo\u00eete Chocolats \u00e0 l\u2019Ancienne L\u2019Originale"},"content":{"rendered":"<p>[et_pb_section fb_built=&#8221;1&#8243; _builder_version=&#8221;4.27.4&#8243; _module_preset=&#8221;default&#8221; min_height=&#8221;776.6px&#8221; custom_padding=&#8221;0px|||||&#8221; global_colors_info=&#8221;{}&#8221;][et_pb_row admin_label=&#8221;Ligne&#8221; _builder_version=&#8221;4.27.4&#8243; _module_preset=&#8221;default&#8221; global_colors_info=&#8221;{}&#8221;][et_pb_column type=&#8221;4_4&#8243; admin_label=&#8221;Colonne&#8221; _builder_version=&#8221;4.27.4&#8243; _module_preset=&#8221;default&#8221; global_colors_info=&#8221;{}&#8221;][et_pb_dmb_breadcrumbs font_icon=&#8221;&#x35;||divi||400&#8243; use_home_icon=&#8221;off&#8221; _builder_version=&#8221;4.16&#8243; _module_preset=&#8221;default&#8221; body_font=&#8221;Helvetica Neue||||||||&#8221; body_text_color=&#8221;#c4c4c4&#8243; body_font_size=&#8221;16px&#8221; body_letter_spacing=&#8221;0.1em&#8221; separator_text_color=&#8221;#c4c4c4&#8243; link_font=&#8221;Helvetica Neue||||||||&#8221; link_text_color=&#8221;#C0852D&#8221; global_colors_info=&#8221;{%22gcid-f01d8f96-5c9f-4ef9-b282-d7e797d7021e%22:%91%22link_text_color%22%93}&#8221; button_bg_color_gradient_stops_tablet=&#8221;#d22429 0%|#d22429 100%&#8221; button_bg_color_gradient_stops_phone=&#8221;#d22429 0%|#d22429 100%&#8221; button_bg_color_gradient_stops__hover=&#8221;#d22429 0%|#d22429 100%&#8221; button_bg_color_gradient_stops__sticky=&#8221;#d22429 0%|#d22429 100%&#8221;][\/et_pb_dmb_breadcrumbs][\/et_pb_column][\/et_pb_row][et_pb_row column_structure=&#8221;1_3,1_3,1_3&#8243; use_custom_gutter=&#8221;on&#8221; gutter_width=&#8221;1&#8243; make_equal=&#8221;on&#8221; custom_padding_last_edited=&#8221;on|phone&#8221; _builder_version=&#8221;4.27.4&#8243; _module_preset=&#8221;default&#8221; width=&#8221;100%&#8221; max_width=&#8221;1000px&#8221; module_alignment=&#8221;center&#8221; custom_margin=&#8221;0px|auto||auto|false|false&#8221; custom_margin_phone=&#8221;||||false|false&#8221; custom_margin_last_edited=&#8221;off|phone&#8221; custom_padding=&#8221;|100px||100px|false|false&#8221; custom_padding_tablet=&#8221;|100px||100px|false|false&#8221; custom_padding_phone=&#8221;|50px||50px|false|false&#8221; custom_css_main_element=&#8221; align-items: center;&#8221; global_colors_info=&#8221;{}&#8221; gutter_width__hover_enabled=&#8221;off|desktop&#8221;][et_pb_column type=&#8221;1_3&#8243; _builder_version=&#8221;4.27.4&#8243; _module_preset=&#8221;default&#8221; custom_padding=&#8221;0px|0px|0px|0px|false|false&#8221; global_colors_info=&#8221;{}&#8221;][dnxte_coverflowslider_parent dnxte_coverflow_autoplay_show_hide=&#8221;off&#8221; dnxte_coverflow_loop=&#8221;on&#8221; dnxte_coverflow_auto_height=&#8221;on&#8221; dnxte_coverflow_equal_height=&#8221;off&#8221; dnxte_coverflow_arrows=&#8221;on&#8221; dnxte_coverflow_breakpoint_desktop=&#8221;1&#8243; dnxte_coverflow_arrow_color=&#8221;#E02B20&#8243; dnxte_coverflow_arrow_background_color=&#8221;rgba(255,255,255,0.75)&#8221; dnxte_coverflow_dots_active_color=&#8221;#E02B20&#8243; dnxte_coverflow_arrow_position=&#8221;outer&#8221; _builder_version=&#8221;4.27.5&#8243; _module_preset=&#8221;default&#8221; hover_enabled=&#8221;0&#8243; global_colors_info=&#8221;{}&#8221; sticky_enabled=&#8221;0&#8243;][dnxte_coverflowslider_child coverflowslider_image=&#8221;https:\/\/www.villars.com\/wp-content\/uploads\/2025\/12\/PAGE_WEB_CADAF-32.png&#8221; _builder_version=&#8221;4.27.5&#8243; _module_preset=&#8221;default&#8221; hover_enabled=&#8221;0&#8243; global_colors_info=&#8221;{}&#8221; title_text=&#8221;PAGE_WEB_CADAF-32&#8243; sticky_enabled=&#8221;0&#8243;][\/dnxte_coverflowslider_child][dnxte_coverflowslider_child coverflowslider_image=&#8221;https:\/\/www.villars.com\/wp-content\/uploads\/2025\/12\/Boite_Originale_Ouverte-1.png&#8221; _builder_version=&#8221;4.27.5&#8243; _module_preset=&#8221;default&#8221; hover_enabled=&#8221;0&#8243; global_colors_info=&#8221;{}&#8221; title_text=&#8221;Boite_Originale_Ouverte-1&#8243; sticky_enabled=&#8221;0&#8243;][\/dnxte_coverflowslider_child][\/dnxte_coverflowslider_parent][\/et_pb_column][et_pb_column type=&#8221;1_3&#8243; _builder_version=&#8221;4.27.4&#8243; _module_preset=&#8221;default&#8221; custom_padding=&#8221;0px|0px|0px|0px|false|false&#8221; global_colors_info=&#8221;{}&#8221;][et_pb_image src=&#8221;https:\/\/www.villars.com\/wp-content\/uploads\/2025\/12\/3_pictos_verticaux-8.png&#8221; alt=&#8221;S\u00e9rie de trois pictogrammes: le premier un tonneau de lait, le deuxi\u00e8me un sac de sucre et le troisi\u00e8me des f\u00e8ves de cacao&#8221; title_text=&#8221;3_pictos_verticaux&#8221; align=&#8221;center&#8221; src_tablet=&#8221;https:\/\/www.villars.com\/wp-content\/uploads\/2025\/12\/3_pictos_V2-1-6.png&#8221; src_phone=&#8221;https:\/\/www.villars.com\/wp-content\/uploads\/2025\/12\/3_pictos_V2-1-6.png&#8221; src_last_edited=&#8221;on|phone&#8221; align_tablet=&#8221;center&#8221; align_phone=&#8221;center&#8221; align_last_edited=&#8221;on|phone&#8221; _builder_version=&#8221;4.27.5&#8243; _module_preset=&#8221;default&#8221; background_color=&#8221;RGBA(255,255,255,0)&#8221; width=&#8221;100%&#8221; max_height=&#8221;240px&#8221; custom_margin=&#8221;||||false|false&#8221; custom_margin_tablet=&#8221;|0px||0px|false|false&#8221; custom_margin_phone=&#8221;|0px||0px|false|false&#8221; custom_margin_last_edited=&#8221;on|phone&#8221; custom_padding=&#8221;||||false|false&#8221; custom_padding_tablet=&#8221;||15px||false|false&#8221; custom_padding_phone=&#8221;||20px||false|false&#8221; custom_padding_last_edited=&#8221;on|phone&#8221; hover_enabled=&#8221;0&#8243; module_alignment_tablet=&#8221;center&#8221; module_alignment_phone=&#8221;&#8221; module_alignment_last_edited=&#8221;on|desktop&#8221; global_colors_info=&#8221;{}&#8221; sticky_enabled=&#8221;0&#8243;][\/et_pb_image][\/et_pb_column][et_pb_column type=&#8221;1_3&#8243; _builder_version=&#8221;4.27.4&#8243; _module_preset=&#8221;default&#8221; custom_padding=&#8221;0px|0px|0px|0px|false|false&#8221; global_colors_info=&#8221;{}&#8221;][et_pb_text _builder_version=&#8221;4.27.5&#8243; _module_preset=&#8221;default&#8221; min_height=&#8221;38.8px&#8221; custom_margin=&#8221;||||false|false&#8221; custom_margin_tablet=&#8221;|0px||0px|false|false&#8221; custom_margin_phone=&#8221;|0px||0px|false|false&#8221; custom_margin_last_edited=&#8221;on|desktop&#8221; custom_padding=&#8221;|||20px|false|false&#8221; custom_padding_tablet=&#8221;|||20px|false|false&#8221; custom_padding_phone=&#8221;|||0px|false|false&#8221; custom_padding_last_edited=&#8221;on|phone&#8221; global_colors_info=&#8221;{}&#8221;]<\/p>\n<div class=\"et_pb_module et_pb_text et_pb_text_2  et_pb_text_align_left et_pb_bg_layout_light\">\n<div class=\"et_pb_text_inner\">\n<h3 style=\"text-align: center\">Chocolats \u00e0 l\u2019Ancienne L\u2019Originale 200g<\/h3>\n<\/div>\n<\/div>\n<p style=\"text-align: left\">Assortiment de trois Chocolats \u00e0 l\u2019Ancienne : un chocolat fabriqu\u00e9 dans la pure tradition suisse et pr\u00e9sent\u00e9 dans un \u00e9l\u00e9gante bo\u00eete m\u00e9tal noire. Un r\u00e9gal pour les yeux et pour le palais. Trois saveurs r\u00e9unies en un seul coffret : Lait, Lait-Bricelet et Noir.<\/p>\n<p>[\/et_pb_text][et_pb_divider color=&#8221;#E02B20&#8243; admin_label=&#8221;S\u00e9parateur&#8221; _builder_version=&#8221;4.27.4&#8243; _module_preset=&#8221;default&#8221; min_height=&#8221;0px&#8221; custom_margin=&#8221;10px||-10px||false|false&#8221; custom_margin_tablet=&#8221;|0px||0px|false|false&#8221; custom_margin_phone=&#8221;|0px||0px|false|false&#8221; custom_margin_last_edited=&#8221;on|desktop&#8221; custom_padding=&#8221;|||20px|false|false&#8221; custom_padding_tablet=&#8221;|||20px|false|false&#8221; custom_padding_phone=&#8221;|||0px|false|false&#8221; custom_padding_last_edited=&#8221;on|phone&#8221; global_colors_info=&#8221;{}&#8221;][\/et_pb_divider][et_pb_text _builder_version=&#8221;4.27.5&#8243; _module_preset=&#8221;default&#8221; width=&#8221;100%&#8221; custom_margin=&#8221;||||false|false&#8221; custom_margin_tablet=&#8221;|0px||0px|false|false&#8221; custom_margin_phone=&#8221;|0px||0px|false|false&#8221; custom_margin_last_edited=&#8221;on|desktop&#8221; custom_padding=&#8221;|||20px|false|false&#8221; custom_padding_tablet=&#8221;|||20px|false|false&#8221; custom_padding_phone=&#8221;|||0px|false|false&#8221; custom_padding_last_edited=&#8221;on|phone&#8221; global_colors_info=&#8221;{}&#8221;]<\/p>\n<p><em><strong>Allerg\u00e8nes<\/strong> : <strong>lait, petit-lait, bl\u00e9<\/strong>. Peut contenir des traces de noisette, amande, noix, noix de p\u00e9can, noix de cajou, pistache, \u0153uf, orge et soja.<\/em><\/p>\n<p>[\/et_pb_text][\/et_pb_column][\/et_pb_row][et_pb_row _builder_version=&#8221;4.27.4&#8243; _module_preset=&#8221;default&#8221; width_tablet=&#8221;&#8221; width_phone=&#8221;50%&#8221; width_last_edited=&#8221;on|phone&#8221; custom_margin=&#8221;25px|auto||auto|false|false&#8221; custom_margin_tablet=&#8221;25px|auto||auto|false|false&#8221; custom_margin_phone=&#8221;0px||||false|false&#8221; custom_margin_last_edited=&#8221;on|phone&#8221; custom_padding=&#8221;||||false|false&#8221; global_colors_info=&#8221;{}&#8221;][et_pb_column type=&#8221;4_4&#8243; _builder_version=&#8221;4.27.4&#8243; _module_preset=&#8221;default&#8221; global_colors_info=&#8221;{}&#8221;][et_pb_text _builder_version=&#8221;4.27.4&#8243; _module_preset=&#8221;default&#8221; custom_margin=&#8221;||0px||false|false&#8221; custom_padding=&#8221;||0px|||&#8221; global_colors_info=&#8221;{}&#8221;]<\/p>\n<h5 style=\"text-align: center\">Fourreau Entier<\/h5>\n<p>[\/et_pb_text][et_pb_image src=&#8221;https:\/\/www.villars.com\/wp-content\/uploads\/2025\/12\/Brochure-Chocolat_Personnalise-Boites-V6-26.09.24-FR-Fourreau_Boite-2_Page_1-4-300&#215;300-1.jpg&#8221; alt=&#8221;image boite en m\u00e9tal personnalisable&#8221; title_text=&#8221;Brochure-Chocolat_Personnalise-Boites-V6-26.09.24-FR-Fourreau_Boite-2_Page_1-4-300&#215;300&#8243; align=&#8221;center&#8221; _builder_version=&#8221;4.27.5&#8243; _module_preset=&#8221;default&#8221; width=&#8221;12rem&#8221; custom_margin=&#8221;||||false|false&#8221; hover_enabled=&#8221;0&#8243; global_colors_info=&#8221;{}&#8221; sticky_enabled=&#8221;0&#8243;][\/et_pb_image][et_pb_button button_url=&#8221;mailto:b2b@villars.com?subject=Offre%20produit%20personnalis\u00e9%20&#8243; button_text=&#8221;Demander une offre&#8221; button_alignment=&#8221;center&#8221; button_alignment_tablet=&#8221;&#8221; button_alignment_phone=&#8221;center&#8221; button_alignment_last_edited=&#8221;on|phone&#8221; _builder_version=&#8221;4.27.4&#8243; _module_preset=&#8221;147146a0-99d6-4397-a5ca-b304d3509e14&#8243; custom_button=&#8221;on&#8221; button_text_size=&#8221;15px&#8221; button_text_color=&#8221;#FFFFFF&#8221; button_bg_color=&#8221;#d22429&#8243; button_border_width=&#8221;0px&#8221; button_border_color=&#8221;#d22429&#8243; button_border_radius=&#8221;8px&#8221; button_letter_spacing=&#8221;0.1em&#8221; button_font=&#8221;|600|||||||&#8221; button_icon=&#8221;&#xf055;||fa||900&#8243; button_icon_color=&#8221;#FFFFFF&#8221; custom_margin_tablet=&#8221;&#8221; custom_margin_phone=&#8221;20px||||false|false&#8221; custom_margin_last_edited=&#8221;on|phone&#8221; custom_padding=&#8221;12px|28px|13px|28px|false|true&#8221; global_colors_info=&#8221;{}&#8221;][\/et_pb_button][\/et_pb_column][\/et_pb_row][\/et_pb_section]<\/p>\n","protected":false},"excerpt":{"rendered":"<p><div class=\"et_pb_module dnxte_coverflowslider_parent dnxte_coverflowslider_parent_0\">\n\t\t\t\t\n\t\t\t\t\n\t\t\t\t\n\t\t\t\t\n\t\t\t\t\n\t\t\t\t\n\t\t\t\t<div class=\"et_pb_module_inner\">\n\t\t\t\t\t<div class=\"et_pb_module dnxte_coverflowslider_parent dnxte_coverflowslider_parent_0\">\n\t\t\t\t\n\t\t\t\t\n\t\t\t\t\n\t\t\t\t\n\t\t\t\t\n\t\t\t\t\n\t\t\t\t<div class=\"et_pb_module_inner\">\n\t\t\t\t\t<div class=\"coverflow-container  arrow-position-bottom\">\r\n                <div class=\"swiper-container dnxte-coverflowslider-active swiper-container-initialized swiper-container-horizontal \" data-autoplay=\"\" data-delay=\"2000\" data-direction=\"horizontal\" data-speed=\"400\" data-loop=\"on\" data-pagination-type=\"bullets\" data-pagination-bullets=\"on\"   data-breakpoints=\"1|1|1\" data-spacing=\"15\" data-grab=\"off\" data-center=\"\" data-keyboardenable=\"on\"  data-covershadow=\"off\" data-coverrotate=\"0\" data-coverstretch=\"0\" data-coverdepth=\"0\" data-autoheight=\"on\" data-pauseonhover=\"1\" data-mouse=\"on\">\r\n                    <div class=\"swiper-wrapper\" data-lightbox=\"off\" data-orderclass=\"dnxte_coverflowslider_parent_0\">\r\n                        <div class=\"et_pb_module dnxte_coverflowslider_child dnxte_coverflowslider_child_0\">\n\t\t\t\t\n\t\t\t\t\n\t\t\t\t\n\t\t\t\t\n\t\t\t\t\n\t\t\t\t\n\t\t\t\t<div class=\"et_pb_module_inner\">\n\t\t\t\t\t<div class=\"dnxte-coverflow-image-container\" data-image-position=\"\">\r\n                <a href=\"https:\/\/www.villars.com\/wp-content\/uploads\/2025\/12\/PAGE_WEB_CADAF-32.png\" class=\"dnxte-coverflow-image-link\" data-title=\"\" data-link=\",_self\">\r\n                    <div class=\"dnxte-coverflow-overlay-color\"><\/div>\r\n                    <div class=\"dnxte-coverflow-overlay-color-hover\"><\/div>\r\n                    <img decoding=\"async\" src=\"https:\/\/www.villars.com\/wp-content\/uploads\/2025\/12\/PAGE_WEB_CADAF-32.png\" alt=\"Image Item\" srcset=\"https:\/\/www.villars.com\/wp-content\/uploads\/2025\/12\/PAGE_WEB_CADAF-32.png 425w, https:\/\/www.villars.com\/wp-content\/uploads\/2025\/12\/PAGE_WEB_CADAF-32-300x300.png 300w, https:\/\/www.villars.com\/wp-content\/uploads\/2025\/12\/PAGE_WEB_CADAF-32-150x150.png 150w\" sizes=\"(max-width: 425px) 100vw, 425px\" class=\"img-fluid\" \/>\r\n                <\/a>\r\n            <\/div>\r\n            <div class=\"dnxte-coverflow-multitext \">\r\n                \r\n                \r\n                \r\n            <\/div>\n\t\t\t\t<\/div>\n\t\t\t<\/div><div class=\"et_pb_module dnxte_coverflowslider_child dnxte_coverflowslider_child_1\">\n\t\t\t\t\n\t\t\t\t\n\t\t\t\t\n\t\t\t\t\n\t\t\t\t\n\t\t\t\t\n\t\t\t\t<div class=\"et_pb_module_inner\">\n\t\t\t\t\t<div class=\"dnxte-coverflow-image-container\" data-image-position=\"\">\r\n                <a href=\"https:\/\/www.villars.com\/wp-content\/uploads\/2025\/12\/Boite_Originale_Ouverte-1.png\" class=\"dnxte-coverflow-image-link\" data-title=\"\" data-link=\",_self\">\r\n                    <div class=\"dnxte-coverflow-overlay-color\"><\/div>\r\n                    <div class=\"dnxte-coverflow-overlay-color-hover\"><\/div>\r\n                    <img decoding=\"async\" src=\"https:\/\/www.villars.com\/wp-content\/uploads\/2025\/12\/Boite_Originale_Ouverte-1.png\" alt=\"Image Item\" srcset=\"https:\/\/www.villars.com\/wp-content\/uploads\/2025\/12\/Boite_Originale_Ouverte-1.png 425w, https:\/\/www.villars.com\/wp-content\/uploads\/2025\/12\/Boite_Originale_Ouverte-1-300x300.png 300w, https:\/\/www.villars.com\/wp-content\/uploads\/2025\/12\/Boite_Originale_Ouverte-1-150x150.png 150w\" sizes=\"(max-width: 425px) 100vw, 425px\" class=\"img-fluid\" \/>\r\n                <\/a>\r\n            <\/div>\r\n            <div class=\"dnxte-coverflow-multitext \">\r\n                \r\n                \r\n                \r\n            <\/div>\n\t\t\t\t<\/div>\n\t\t\t<\/div>\r\n                    <\/div>\r\n                    <div class=\"swiper-pagination swiper-pagination-clickable swiper-pagination-bullets swiper-pagination-bullets-dynamic mt-10\"><\/div>\r\n                <\/div>\r\n                <div class=\"swiper-button-prev dnxte_coverflow_arrows_outer_left\" data-icon=\"4\"><\/div>\r\n                    <div class=\"swiper-button-next dnxte_coverflow_arrows_outer_right\" data-icon=\"5\"><\/div>\r\n            <\/div>\n\t\t\t\t<\/div>\n\t\t\t<\/div>\n\t\t\t\t<\/div>\n\t\t\t<\/div> Chocolats \u00e0 l\u2019Ancienne L\u2019Originale 200g Assortiment de trois Chocolats \u00e0 l\u2019Ancienne : un chocolat fabriqu\u00e9 dans la pure tradition suisse et pr\u00e9sent\u00e9 dans un \u00e9l\u00e9gante [&hellip;]<\/p>\n","protected":false},"author":170,"featured_media":0,"parent":303010,"menu_order":0,"comment_status":"closed","ping_status":"closed","template":"","meta":{"_et_pb_use_builder":"on","_et_pb_old_content":"","_et_gb_content_width":"","footnotes":""},"class_list":["post-302677","page","type-page","status-publish","hentry"],"yoast_head":"<!-- This site is optimized with the Yoast SEO plugin v27.1.1 - https:\/\/yoast.com\/product\/yoast-seo-wordpress\/ -->\n<title>Bo\u00eete Chocolats \u00e0 l\u2019Ancienne L\u2019Originale - Villars Swiss<\/title>\n<meta name=\"robots\" content=\"index, follow, max-snippet:-1, max-image-preview:large, max-video-preview:-1\" \/>\n<link rel=\"canonical\" href=\"https:\/\/www.villars.com\/de\/chocolats-personnalises\/boites-en-metal\/boite-chocolats-a-lancienne-loriginale\/\" \/>\n<meta property=\"og:locale\" content=\"de_DE\" \/>\n<meta property=\"og:type\" content=\"article\" \/>\n<meta property=\"og:title\" content=\"Bo\u00eete Chocolats \u00e0 l\u2019Ancienne L\u2019Originale - Villars Swiss\" \/>\n<meta property=\"og:description\" content=\"Chocolats \u00e0 l\u2019Ancienne L\u2019Originale 200g Assortiment de trois Chocolats \u00e0 l\u2019Ancienne : un chocolat fabriqu\u00e9 dans la pure tradition suisse et pr\u00e9sent\u00e9 dans un \u00e9l\u00e9gante [&hellip;]\" \/>\n<meta property=\"og:url\" content=\"https:\/\/www.villars.com\/de\/chocolats-personnalises\/boites-en-metal\/boite-chocolats-a-lancienne-loriginale\/\" \/>\n<meta property=\"og:site_name\" content=\"Villars Swiss\" \/>\n<meta property=\"article:modified_time\" content=\"2025-12-22T11:23:31+00:00\" \/>\n<meta name=\"twitter:card\" content=\"summary_large_image\" \/>\n<meta name=\"twitter:label1\" content=\"Gesch\u00e4tzte Lesezeit\" \/>\n\t<meta name=\"twitter:data1\" content=\"2\u00a0Minuten\" \/>\n<!-- \/ Yoast SEO plugin. -->","yoast_head_json":{"title":"Bo\u00eete Chocolats \u00e0 l\u2019Ancienne L\u2019Originale - Villars Swiss","robots":{"index":"index","follow":"follow","max-snippet":"max-snippet:-1","max-image-preview":"max-image-preview:large","max-video-preview":"max-video-preview:-1"},"canonical":"https:\/\/www.villars.com\/de\/chocolats-personnalises\/boites-en-metal\/boite-chocolats-a-lancienne-loriginale\/","og_locale":"de_DE","og_type":"article","og_title":"Bo\u00eete Chocolats \u00e0 l\u2019Ancienne L\u2019Originale - Villars Swiss","og_description":"Chocolats \u00e0 l\u2019Ancienne L\u2019Originale 200g Assortiment de trois Chocolats \u00e0 l\u2019Ancienne : un chocolat fabriqu\u00e9 dans la pure tradition suisse et pr\u00e9sent\u00e9 dans un \u00e9l\u00e9gante [&hellip;]","og_url":"https:\/\/www.villars.com\/de\/chocolats-personnalises\/boites-en-metal\/boite-chocolats-a-lancienne-loriginale\/","og_site_name":"Villars Swiss","article_modified_time":"2025-12-22T11:23:31+00:00","twitter_card":"summary_large_image","twitter_misc":{"Gesch\u00e4tzte Lesezeit":"2\u00a0Minuten"},"schema":{"@context":"https:\/\/schema.org","@graph":[{"@type":"WebPage","@id":"https:\/\/www.villars.com\/de\/chocolats-personnalises\/boites-en-metal\/boite-chocolats-a-lancienne-loriginale\/","url":"https:\/\/www.villars.com\/de\/chocolats-personnalises\/boites-en-metal\/boite-chocolats-a-lancienne-loriginale\/","name":"Bo\u00eete Chocolats \u00e0 l\u2019Ancienne L\u2019Originale - Villars Swiss","isPartOf":{"@id":"https:\/\/www.villars.com\/de\/#website"},"datePublished":"2025-11-18T10:25:41+00:00","dateModified":"2025-12-22T11:23:31+00:00","breadcrumb":{"@id":"https:\/\/www.villars.com\/de\/chocolats-personnalises\/boites-en-metal\/boite-chocolats-a-lancienne-loriginale\/#breadcrumb"},"inLanguage":"de","potentialAction":[{"@type":"ReadAction","target":["https:\/\/www.villars.com\/de\/chocolats-personnalises\/boites-en-metal\/boite-chocolats-a-lancienne-loriginale\/"]}]},{"@type":"BreadcrumbList","@id":"https:\/\/www.villars.com\/de\/chocolats-personnalises\/boites-en-metal\/boite-chocolats-a-lancienne-loriginale\/#breadcrumb","itemListElement":[{"@type":"ListItem","position":1,"name":"Accueil","item":"https:\/\/www.villars.com\/de\/"},{"@type":"ListItem","position":2,"name":"Chocolats Personnalis\u00e9s","item":"https:\/\/www.villars.com\/de\/chocolats-personnalises\/"},{"@type":"ListItem","position":3,"name":"Bo\u00eetes en m\u00e9tal","item":"https:\/\/www.villars.com\/de\/chocolats-personnalises\/boites-en-metal\/"},{"@type":"ListItem","position":4,"name":"Bo\u00eete Chocolats \u00e0 l\u2019Ancienne L\u2019Originale"}]},{"@type":"WebSite","@id":"https:\/\/www.villars.com\/de\/#website","url":"https:\/\/www.villars.com\/de\/","name":"Villars Swiss","description":"Ma\u00eetre Chocolatier depuis 1901","potentialAction":[{"@type":"SearchAction","target":{"@type":"EntryPoint","urlTemplate":"https:\/\/www.villars.com\/de\/?s={search_term_string}"},"query-input":{"@type":"PropertyValueSpecification","valueRequired":true,"valueName":"search_term_string"}}],"inLanguage":"de"}]}},"_links":{"self":[{"href":"https:\/\/www.villars.com\/de\/wp-json\/wp\/v2\/pages\/302677","targetHints":{"allow":["GET"]}}],"collection":[{"href":"https:\/\/www.villars.com\/de\/wp-json\/wp\/v2\/pages"}],"about":[{"href":"https:\/\/www.villars.com\/de\/wp-json\/wp\/v2\/types\/page"}],"author":[{"embeddable":true,"href":"https:\/\/www.villars.com\/de\/wp-json\/wp\/v2\/users\/170"}],"replies":[{"embeddable":true,"href":"https:\/\/www.villars.com\/de\/wp-json\/wp\/v2\/comments?post=302677"}],"version-history":[{"count":4,"href":"https:\/\/www.villars.com\/de\/wp-json\/wp\/v2\/pages\/302677\/revisions"}],"predecessor-version":[{"id":303577,"href":"https:\/\/www.villars.com\/de\/wp-json\/wp\/v2\/pages\/302677\/revisions\/303577"}],"up":[{"embeddable":true,"href":"https:\/\/www.villars.com\/de\/wp-json\/wp\/v2\/pages\/303010"}],"wp:attachment":[{"href":"https:\/\/www.villars.com\/de\/wp-json\/wp\/v2\/media?parent=302677"}],"curies":[{"name":"wp","href":"https:\/\/api.w.org\/{rel}","templated":true}]}}