{"id":302384,"date":"2025-11-12T08:43:57","date_gmt":"2025-11-12T08:43:57","guid":{"rendered":"https:\/\/villars.preprod.cloud0.savencia.net\/?page_id=302384"},"modified":"2025-12-22T11:09:14","modified_gmt":"2025-12-22T11:09:14","slug":"tablette-de-chocolat-lait-suisse-a-lancienne-pur","status":"publish","type":"page","link":"https:\/\/www.villars.com\/en\/chocolats-personnalises\/tablettes-100g\/tablette-de-chocolat-lait-suisse-a-lancienne-pur\/","title":{"rendered":"Tablette de chocolat Lait Suisse \u00e0 l&#8217;ancienne Pur"},"content":{"rendered":"<p>[et_pb_section fb_built=&#8221;1&#8243; _builder_version=&#8221;4.27.4&#8243; _module_preset=&#8221;default&#8221; min_height=&#8221;776.6px&#8221; custom_padding=&#8221;0px|||||&#8221; global_colors_info=&#8221;{}&#8221;][et_pb_row admin_label=&#8221;Ligne&#8221; _builder_version=&#8221;4.27.4&#8243; _module_preset=&#8221;default&#8221; global_colors_info=&#8221;{}&#8221;][et_pb_column type=&#8221;4_4&#8243; admin_label=&#8221;Colonne&#8221; _builder_version=&#8221;4.27.4&#8243; _module_preset=&#8221;default&#8221; global_colors_info=&#8221;{}&#8221;][et_pb_dmb_breadcrumbs font_icon=&#8221;&#x35;||divi||400&#8243; use_home_icon=&#8221;off&#8221; _builder_version=&#8221;4.16&#8243; _module_preset=&#8221;default&#8221; body_font=&#8221;Helvetica Neue||||||||&#8221; body_text_color=&#8221;#c4c4c4&#8243; body_font_size=&#8221;16px&#8221; body_letter_spacing=&#8221;0.1em&#8221; separator_text_color=&#8221;#c4c4c4&#8243; link_font=&#8221;Helvetica Neue||||||||&#8221; link_text_color=&#8221;#C0852D&#8221; global_colors_info=&#8221;{%22gcid-f01d8f96-5c9f-4ef9-b282-d7e797d7021e%22:%91%22link_text_color%22%93}&#8221; button_bg_color_gradient_stops_tablet=&#8221;#d22429 0%|#d22429 100%&#8221; button_bg_color_gradient_stops_phone=&#8221;#d22429 0%|#d22429 100%&#8221; button_bg_color_gradient_stops__hover=&#8221;#d22429 0%|#d22429 100%&#8221; button_bg_color_gradient_stops__sticky=&#8221;#d22429 0%|#d22429 100%&#8221;][\/et_pb_dmb_breadcrumbs][\/et_pb_column][\/et_pb_row][et_pb_row column_structure=&#8221;1_3,1_3,1_3&#8243; use_custom_gutter=&#8221;on&#8221; gutter_width=&#8221;1&#8243; make_equal=&#8221;on&#8221; custom_padding_last_edited=&#8221;on|phone&#8221; _builder_version=&#8221;4.27.4&#8243; _module_preset=&#8221;default&#8221; width=&#8221;100%&#8221; max_width=&#8221;1000px&#8221; module_alignment=&#8221;center&#8221; custom_margin=&#8221;0px|auto||auto|false|false&#8221; custom_margin_phone=&#8221;||||false|false&#8221; custom_margin_last_edited=&#8221;off|phone&#8221; custom_padding=&#8221;|100px||100px|false|false&#8221; custom_padding_tablet=&#8221;|100px||100px|false|false&#8221; custom_padding_phone=&#8221;|50px||50px|false|false&#8221; custom_css_main_element=&#8221; align-items: center;&#8221; global_colors_info=&#8221;{}&#8221; gutter_width__hover_enabled=&#8221;off|desktop&#8221;][et_pb_column type=&#8221;1_3&#8243; _builder_version=&#8221;4.27.4&#8243; _module_preset=&#8221;default&#8221; custom_padding=&#8221;0px|0px|0px|0px|false|false&#8221; global_colors_info=&#8221;{}&#8221;][et_pb_image src=&#8221;https:\/\/www.villars.com\/wp-content\/uploads\/2025\/12\/PAGE_WEB_CADAF-12-1.png&#8221; alt=&#8221;Tablette de chocolat Villars Lait Suisse \u00e0 l&#8217;ancienne Pur&#8221; title_text=&#8221;PAGE_WEB_CADAF-12&#8243; align=&#8221;center&#8221; _builder_version=&#8221;4.27.5&#8243; _module_preset=&#8221;default&#8221; background_color=&#8221;RGBA(255,255,255,0)&#8221; width=&#8221;120%&#8221; width_tablet=&#8221;120%&#8221; width_phone=&#8221;100%&#8221; width_last_edited=&#8221;on|phone&#8221; max_width_last_edited=&#8221;off|desktop&#8221; custom_margin=&#8221;||||false|false&#8221; custom_margin_tablet=&#8221;||15px||false|false&#8221; custom_margin_phone=&#8221;||20px||false|false&#8221; custom_margin_last_edited=&#8221;on|phone&#8221; custom_padding=&#8221;||||false|false&#8221; hover_enabled=&#8221;0&#8243; global_colors_info=&#8221;{}&#8221; sticky_enabled=&#8221;0&#8243;][\/et_pb_image][\/et_pb_column][et_pb_column type=&#8221;1_3&#8243; _builder_version=&#8221;4.27.4&#8243; _module_preset=&#8221;default&#8221; custom_padding=&#8221;0px|0px|0px|0px|false|false&#8221; global_colors_info=&#8221;{}&#8221;][et_pb_image src=&#8221;https:\/\/www.villars.com\/wp-content\/uploads\/2025\/12\/3_pictos_verticaux-8.png&#8221; alt=&#8221;S\u00e9rie de trois pictogrammes: le premier un tonneau de lait, le deuxi\u00e8me un sac de sucre et le troisi\u00e8me des f\u00e8ves de cacao&#8221; title_text=&#8221;3_pictos_verticaux&#8221; align=&#8221;center&#8221; src_tablet=&#8221;https:\/\/www.villars.com\/wp-content\/uploads\/2025\/12\/3_pictos_V2-1.png&#8221; src_phone=&#8221;https:\/\/www.villars.com\/wp-content\/uploads\/2025\/12\/3_pictos_V2-1.png&#8221; src_last_edited=&#8221;on|phone&#8221; align_tablet=&#8221;center&#8221; align_phone=&#8221;center&#8221; align_last_edited=&#8221;on|phone&#8221; _builder_version=&#8221;4.27.5&#8243; _module_preset=&#8221;default&#8221; background_color=&#8221;RGBA(255,255,255,0)&#8221; width=&#8221;100%&#8221; max_height=&#8221;240px&#8221; custom_margin=&#8221;||||false|false&#8221; custom_margin_tablet=&#8221;|0px||0px|false|false&#8221; custom_margin_phone=&#8221;|0px||0px|false|false&#8221; custom_margin_last_edited=&#8221;on|phone&#8221; custom_padding=&#8221;||||false|false&#8221; custom_padding_tablet=&#8221;||15px||false|false&#8221; custom_padding_phone=&#8221;||20px||false|false&#8221; custom_padding_last_edited=&#8221;on|phone&#8221; hover_enabled=&#8221;0&#8243; module_alignment_tablet=&#8221;center&#8221; module_alignment_phone=&#8221;&#8221; module_alignment_last_edited=&#8221;on|desktop&#8221; global_colors_info=&#8221;{}&#8221; sticky_enabled=&#8221;0&#8243;][\/et_pb_image][\/et_pb_column][et_pb_column type=&#8221;1_3&#8243; _builder_version=&#8221;4.27.4&#8243; _module_preset=&#8221;default&#8221; custom_padding=&#8221;0px|0px|0px|0px|false|false&#8221; global_colors_info=&#8221;{}&#8221;][et_pb_text _builder_version=&#8221;4.27.4&#8243; _module_preset=&#8221;default&#8221; min_height=&#8221;38.8px&#8221; custom_margin=&#8221;||||false|false&#8221; custom_margin_tablet=&#8221;|0px||0px|false|false&#8221; custom_margin_phone=&#8221;|0px||0px|false|false&#8221; custom_margin_last_edited=&#8221;on|desktop&#8221; custom_padding=&#8221;|||20px|false|false&#8221; custom_padding_tablet=&#8221;|||20px|false|false&#8221; custom_padding_phone=&#8221;|||0px|false|false&#8221; custom_padding_last_edited=&#8221;on|phone&#8221; global_colors_info=&#8221;{}&#8221;]<\/p>\n<h3 style=\"text-align: center\">\u00a0Lait Suisse \u00e0 l&#8217;ancienne Pur<\/h3>\n<p style=\"text-align: left\">Par son caract\u00e8re cr\u00e9meux, son lact\u00e9 intense et sa douceur onctueuse, Lait Pur \u00e0 l&#8217;Ancienne r\u00e9v\u00e8le la quintessence du chocolat au lait suisse.<\/p>\n<p>[\/et_pb_text][et_pb_divider color=&#8221;#E02B20&#8243; admin_label=&#8221;S\u00e9parateur&#8221; _builder_version=&#8221;4.27.4&#8243; _module_preset=&#8221;default&#8221; min_height=&#8221;0px&#8221; custom_margin=&#8221;10px||-10px||false|false&#8221; custom_margin_tablet=&#8221;|0px||0px|false|false&#8221; custom_margin_phone=&#8221;|0px||0px|false|false&#8221; custom_margin_last_edited=&#8221;on|desktop&#8221; custom_padding=&#8221;|||20px|false|false&#8221; custom_padding_tablet=&#8221;|||20px|false|false&#8221; custom_padding_phone=&#8221;|||0px|false|false&#8221; custom_padding_last_edited=&#8221;on|phone&#8221; global_colors_info=&#8221;{}&#8221;][\/et_pb_divider][et_pb_text _builder_version=&#8221;4.27.4&#8243; _module_preset=&#8221;default&#8221; width=&#8221;100%&#8221; custom_margin=&#8221;||||false|false&#8221; custom_margin_tablet=&#8221;|0px||0px|false|false&#8221; custom_margin_phone=&#8221;|0px||0px|false|false&#8221; custom_margin_last_edited=&#8221;on|desktop&#8221; custom_padding=&#8221;|||20px|false|false&#8221; custom_padding_tablet=&#8221;|||20px|false|false&#8221; custom_padding_phone=&#8221;|||0px|false|false&#8221; custom_padding_last_edited=&#8221;on|phone&#8221; global_colors_info=&#8221;{}&#8221;]<\/p>\n<p><em><strong>Allerg\u00e8nes<\/strong> :\u00a0 <strong>lait, petit-lait<\/strong>. Peut contenir des traces de noisette, amande, noix, noix de p\u00e9can, noix de cajou, pistache, \u0153uf, bl\u00e9, orge et soja.<\/em><\/p>\n<p>[\/et_pb_text][\/et_pb_column][\/et_pb_row][et_pb_row column_structure=&#8221;1_4,1_4,1_4,1_4&#8243; _builder_version=&#8221;4.27.4&#8243; _module_preset=&#8221;default&#8221; width_tablet=&#8221;&#8221; width_phone=&#8221;50%&#8221; width_last_edited=&#8221;on|phone&#8221; custom_margin=&#8221;25px|auto||auto|false|false&#8221; custom_margin_tablet=&#8221;25px|auto||auto|false|false&#8221; custom_margin_phone=&#8221;0px||||false|false&#8221; custom_margin_last_edited=&#8221;on|phone&#8221; custom_padding=&#8221;||||false|false&#8221; global_colors_info=&#8221;{}&#8221;][et_pb_column type=&#8221;1_4&#8243; _builder_version=&#8221;4.27.4&#8243; _module_preset=&#8221;default&#8221; global_colors_info=&#8221;{}&#8221;][\/et_pb_column][et_pb_column type=&#8221;1_4&#8243; _builder_version=&#8221;4.27.4&#8243; _module_preset=&#8221;default&#8221; global_colors_info=&#8221;{}&#8221;][et_pb_text _builder_version=&#8221;4.27.4&#8243; _module_preset=&#8221;default&#8221; custom_margin=&#8221;||0px||false|false&#8221; custom_padding=&#8221;||0px|||&#8221; global_colors_info=&#8221;{}&#8221;]<\/p>\n<h5 style=\"text-align: center\">Demi-Fourreau<\/h5>\n<p>[\/et_pb_text][et_pb_image src=&#8221;https:\/\/www.villars.com\/wp-content\/uploads\/2025\/12\/Brochure-Chocolat_Personnalise-100g-V3-19.09.24-FR-Fourreau_Etui-3_Page_05-1.jpg&#8221; alt=&#8221; image du demi fourreau personnalisable 100g&#8221; title_text=&#8221;Brochure-Chocolat_Personnalise-100g-V3-19.09.24-FR-Fourreau_Etui-3_Page_05&#8243; align=&#8221;center&#8221; _builder_version=&#8221;4.27.5&#8243; _module_preset=&#8221;default&#8221; width=&#8221;50%&#8221; custom_margin=&#8221;||||false|false&#8221; hover_enabled=&#8221;0&#8243; global_colors_info=&#8221;{}&#8221; sticky_enabled=&#8221;0&#8243;][\/et_pb_image][et_pb_button button_url=&#8221;mailto:b2b@villars.com?subject=Offre%20produit%20personnalis\u00e9%20&#8243; button_text=&#8221;Demander une offre&#8221; button_alignment=&#8221;center&#8221; button_alignment_tablet=&#8221;&#8221; button_alignment_phone=&#8221;center&#8221; button_alignment_last_edited=&#8221;on|phone&#8221; _builder_version=&#8221;4.27.4&#8243; _module_preset=&#8221;147146a0-99d6-4397-a5ca-b304d3509e14&#8243; custom_button=&#8221;on&#8221; button_text_size=&#8221;15px&#8221; button_text_color=&#8221;#FFFFFF&#8221; button_bg_color=&#8221;#d22429&#8243; button_border_width=&#8221;0px&#8221; button_border_color=&#8221;#d22429&#8243; button_border_radius=&#8221;8px&#8221; button_letter_spacing=&#8221;0.1em&#8221; button_font=&#8221;|600|||||||&#8221; button_icon=&#8221;&#xf055;||fa||900&#8243; button_icon_color=&#8221;#FFFFFF&#8221; custom_margin_tablet=&#8221;&#8221; custom_margin_phone=&#8221;20px||||false|false&#8221; custom_margin_last_edited=&#8221;on|phone&#8221; custom_padding=&#8221;12px|28px|13px|28px|false|true&#8221; global_colors_info=&#8221;{}&#8221;][\/et_pb_button][\/et_pb_column][et_pb_column type=&#8221;1_4&#8243; _builder_version=&#8221;4.27.4&#8243; _module_preset=&#8221;default&#8221; global_colors_info=&#8221;{}&#8221;][et_pb_text _builder_version=&#8221;4.27.4&#8243; _module_preset=&#8221;default&#8221; custom_margin=&#8221;||0px||false|false&#8221; custom_padding=&#8221;||0px|||&#8221; global_colors_info=&#8221;{}&#8221;]<\/p>\n<h5 style=\"text-align: center\">Fourreau Entier<\/h5>\n<p>[\/et_pb_text][et_pb_image src=&#8221;https:\/\/www.villars.com\/wp-content\/uploads\/2025\/12\/Brochure-Chocolat_Personnalise-100g-V3-19.09.24-FR-Fourreau_Etui-3_Page_02-2-4.jpg&#8221; alt=&#8221;image fourreau personnalisable complet 100g&#8221; title_text=&#8221;Brochure-Chocolat_Personnalise-100g-V3-19.09.24-FR-Fourreau_Etui-3_Page_02-2&#8243; align=&#8221;center&#8221; _builder_version=&#8221;4.27.5&#8243; _module_preset=&#8221;default&#8221; width=&#8221;50%&#8221; custom_margin=&#8221;||||false|false&#8221; hover_enabled=&#8221;0&#8243; global_colors_info=&#8221;{}&#8221; sticky_enabled=&#8221;0&#8243;][\/et_pb_image][et_pb_button button_url=&#8221;mailto:b2b@villars.com?subject=Offre%20produit%20personnalis\u00e9%20&#8243; button_text=&#8221;Demander une offre&#8221; button_alignment=&#8221;center&#8221; button_alignment_tablet=&#8221;&#8221; button_alignment_phone=&#8221;center&#8221; button_alignment_last_edited=&#8221;on|phone&#8221; _builder_version=&#8221;4.27.4&#8243; _module_preset=&#8221;147146a0-99d6-4397-a5ca-b304d3509e14&#8243; custom_button=&#8221;on&#8221; button_text_size=&#8221;15px&#8221; button_text_color=&#8221;#FFFFFF&#8221; button_bg_color=&#8221;#d22429&#8243; button_border_width=&#8221;0px&#8221; button_border_color=&#8221;#d22429&#8243; button_border_radius=&#8221;8px&#8221; button_letter_spacing=&#8221;0.1em&#8221; button_font=&#8221;|600|||||||&#8221; button_icon=&#8221;&#xf055;||fa||900&#8243; button_icon_color=&#8221;#FFFFFF&#8221; custom_margin_tablet=&#8221;&#8221; custom_margin_phone=&#8221;20px||||false|false&#8221; custom_margin_last_edited=&#8221;on|phone&#8221; custom_padding=&#8221;12px|28px|13px|28px|false|true&#8221; global_colors_info=&#8221;{}&#8221;][\/et_pb_button][\/et_pb_column][et_pb_column type=&#8221;1_4&#8243; _builder_version=&#8221;4.27.4&#8243; _module_preset=&#8221;default&#8221; global_colors_info=&#8221;{}&#8221;][\/et_pb_column][\/et_pb_row][\/et_pb_section]<\/p>\n","protected":false},"excerpt":{"rendered":"<p>\u00a0Lait Suisse \u00e0 l&#8217;ancienne Pur Par son caract\u00e8re cr\u00e9meux, son lact\u00e9 intense et sa douceur onctueuse, Lait Pur \u00e0 l&#8217;Ancienne r\u00e9v\u00e8le la quintessence du chocolat au lait suisse.Allerg\u00e8nes :\u00a0 lait, petit-lait. Peut contenir des traces de noisette, amande, noix, noix de p\u00e9can, noix de cajou, pistache, \u0153uf, bl\u00e9, orge et soja.Demi-FourreauFourreau Entier<\/p>\n","protected":false},"author":170,"featured_media":0,"parent":303007,"menu_order":0,"comment_status":"closed","ping_status":"closed","template":"","meta":{"_et_pb_use_builder":"on","_et_pb_old_content":"","_et_gb_content_width":"","footnotes":""},"class_list":["post-302384","page","type-page","status-publish","hentry"],"yoast_head":"<!-- This site is optimized with the Yoast SEO plugin v27.1.1 - https:\/\/yoast.com\/product\/yoast-seo-wordpress\/ -->\n<title>Tablette de chocolat Lait Suisse \u00e0 l&#039;ancienne Pur - Villars Swiss<\/title>\n<meta name=\"robots\" content=\"index, follow, max-snippet:-1, max-image-preview:large, max-video-preview:-1\" \/>\n<link rel=\"canonical\" href=\"https:\/\/www.villars.com\/en\/chocolats-personnalises\/tablettes-100g\/tablette-de-chocolat-lait-suisse-a-lancienne-pur\/\" \/>\n<meta property=\"og:locale\" content=\"en_US\" \/>\n<meta property=\"og:type\" content=\"article\" \/>\n<meta property=\"og:title\" content=\"Tablette de chocolat Lait Suisse \u00e0 l&#039;ancienne Pur - Villars Swiss\" \/>\n<meta property=\"og:description\" content=\"\u00a0Lait Suisse \u00e0 l&#039;ancienne Pur Par son caract\u00e8re cr\u00e9meux, son lact\u00e9 intense et sa douceur onctueuse, Lait Pur \u00e0 l&#039;Ancienne r\u00e9v\u00e8le la quintessence du chocolat au lait suisse.Allerg\u00e8nes :\u00a0 lait, petit-lait. Peut contenir des traces de noisette, amande, noix, noix de p\u00e9can, noix de cajou, pistache, \u0153uf, bl\u00e9, orge et soja.Demi-FourreauFourreau Entier\" \/>\n<meta property=\"og:url\" content=\"https:\/\/www.villars.com\/en\/chocolats-personnalises\/tablettes-100g\/tablette-de-chocolat-lait-suisse-a-lancienne-pur\/\" \/>\n<meta property=\"og:site_name\" content=\"Villars Swiss\" \/>\n<meta property=\"article:modified_time\" content=\"2025-12-22T11:09:14+00:00\" \/>\n<meta name=\"twitter:card\" content=\"summary_large_image\" \/>\n<meta name=\"twitter:label1\" content=\"Est. reading time\" \/>\n\t<meta name=\"twitter:data1\" content=\"2 minutes\" \/>\n<!-- \/ Yoast SEO plugin. -->","yoast_head_json":{"title":"Tablette de chocolat Lait Suisse \u00e0 l'ancienne Pur - Villars Swiss","robots":{"index":"index","follow":"follow","max-snippet":"max-snippet:-1","max-image-preview":"max-image-preview:large","max-video-preview":"max-video-preview:-1"},"canonical":"https:\/\/www.villars.com\/en\/chocolats-personnalises\/tablettes-100g\/tablette-de-chocolat-lait-suisse-a-lancienne-pur\/","og_locale":"en_US","og_type":"article","og_title":"Tablette de chocolat Lait Suisse \u00e0 l'ancienne Pur - Villars Swiss","og_description":"\u00a0Lait Suisse \u00e0 l'ancienne Pur Par son caract\u00e8re cr\u00e9meux, son lact\u00e9 intense et sa douceur onctueuse, Lait Pur \u00e0 l'Ancienne r\u00e9v\u00e8le la quintessence du chocolat au lait suisse.Allerg\u00e8nes :\u00a0 lait, petit-lait. Peut contenir des traces de noisette, amande, noix, noix de p\u00e9can, noix de cajou, pistache, \u0153uf, bl\u00e9, orge et soja.Demi-FourreauFourreau Entier","og_url":"https:\/\/www.villars.com\/en\/chocolats-personnalises\/tablettes-100g\/tablette-de-chocolat-lait-suisse-a-lancienne-pur\/","og_site_name":"Villars Swiss","article_modified_time":"2025-12-22T11:09:14+00:00","twitter_card":"summary_large_image","twitter_misc":{"Est. reading time":"2 minutes"},"schema":{"@context":"https:\/\/schema.org","@graph":[{"@type":"WebPage","@id":"https:\/\/www.villars.com\/en\/chocolats-personnalises\/tablettes-100g\/tablette-de-chocolat-lait-suisse-a-lancienne-pur\/","url":"https:\/\/www.villars.com\/en\/chocolats-personnalises\/tablettes-100g\/tablette-de-chocolat-lait-suisse-a-lancienne-pur\/","name":"Tablette de chocolat Lait Suisse \u00e0 l'ancienne Pur - Villars Swiss","isPartOf":{"@id":"https:\/\/www.villars.com\/en\/#website"},"datePublished":"2025-11-12T08:43:57+00:00","dateModified":"2025-12-22T11:09:14+00:00","breadcrumb":{"@id":"https:\/\/www.villars.com\/en\/chocolats-personnalises\/tablettes-100g\/tablette-de-chocolat-lait-suisse-a-lancienne-pur\/#breadcrumb"},"inLanguage":"en-US","potentialAction":[{"@type":"ReadAction","target":["https:\/\/www.villars.com\/en\/chocolats-personnalises\/tablettes-100g\/tablette-de-chocolat-lait-suisse-a-lancienne-pur\/"]}]},{"@type":"BreadcrumbList","@id":"https:\/\/www.villars.com\/en\/chocolats-personnalises\/tablettes-100g\/tablette-de-chocolat-lait-suisse-a-lancienne-pur\/#breadcrumb","itemListElement":[{"@type":"ListItem","position":1,"name":"Accueil","item":"https:\/\/www.villars.com\/en\/"},{"@type":"ListItem","position":2,"name":"Chocolats Personnalis\u00e9s","item":"https:\/\/www.villars.com\/en\/chocolats-personnalises\/"},{"@type":"ListItem","position":3,"name":"Tablettes 100g","item":"https:\/\/www.villars.com\/en\/chocolats-personnalises\/tablettes-100g\/"},{"@type":"ListItem","position":4,"name":"Tablette de chocolat Lait Suisse \u00e0 l&#8217;ancienne Pur"}]},{"@type":"WebSite","@id":"https:\/\/www.villars.com\/en\/#website","url":"https:\/\/www.villars.com\/en\/","name":"Villars Swiss","description":"Ma\u00eetre Chocolatier depuis 1901","potentialAction":[{"@type":"SearchAction","target":{"@type":"EntryPoint","urlTemplate":"https:\/\/www.villars.com\/en\/?s={search_term_string}"},"query-input":{"@type":"PropertyValueSpecification","valueRequired":true,"valueName":"search_term_string"}}],"inLanguage":"en-US"}]}},"_links":{"self":[{"href":"https:\/\/www.villars.com\/en\/wp-json\/wp\/v2\/pages\/302384","targetHints":{"allow":["GET"]}}],"collection":[{"href":"https:\/\/www.villars.com\/en\/wp-json\/wp\/v2\/pages"}],"about":[{"href":"https:\/\/www.villars.com\/en\/wp-json\/wp\/v2\/types\/page"}],"author":[{"embeddable":true,"href":"https:\/\/www.villars.com\/en\/wp-json\/wp\/v2\/users\/170"}],"replies":[{"embeddable":true,"href":"https:\/\/www.villars.com\/en\/wp-json\/wp\/v2\/comments?post=302384"}],"version-history":[{"count":2,"href":"https:\/\/www.villars.com\/en\/wp-json\/wp\/v2\/pages\/302384\/revisions"}],"predecessor-version":[{"id":303534,"href":"https:\/\/www.villars.com\/en\/wp-json\/wp\/v2\/pages\/302384\/revisions\/303534"}],"up":[{"embeddable":true,"href":"https:\/\/www.villars.com\/en\/wp-json\/wp\/v2\/pages\/303007"}],"wp:attachment":[{"href":"https:\/\/www.villars.com\/en\/wp-json\/wp\/v2\/media?parent=302384"}],"curies":[{"name":"wp","href":"https:\/\/api.w.org\/{rel}","templated":true}]}}